{"id":47,"date":"2022-12-03T11:41:30","date_gmt":"2022-12-03T10:41:30","guid":{"rendered":"https:\/\/cerises2b.fr\/?page_id=47"},"modified":"2022-12-03T11:41:31","modified_gmt":"2022-12-03T10:41:31","slug":"politique-de-confidentialite","status":"publish","type":"page","link":"https:\/\/cerises2b.fr\/?page_id=47","title":{"rendered":"Politique de confidentialit\u00e9"},"content":{"rendered":"\n<h2 class=\"wp-block-heading\">Qui sommes-nous&nbsp;?<\/h2>\n\n\n\n<p>L\u2019adresse de notre site est&nbsp;: https:\/\/cerises2b.fr.<\/p>\n\n\n\n<p>La soci\u00e9t\u00e9 propri\u00e9taire de ce site est :<br>CERISES 2B dont le si\u00e8ge social est situ\u00e9 au 30 PLACE DE L&rsquo;EGLISE 84210 VENASQUE, immatricul\u00e9es au Registre du Commerce et des Soci\u00e9t\u00e9s d&rsquo;Avignon sous le num\u00e9ro 810 777 433, repr\u00e9sent\u00e9e par M. Patrick BEZERT agissant et ayant les pouvoirs n\u00e9cessaires en tant que g\u00e9rant.<\/p>\n\n\n\n<p>Le site est h\u00e9berg\u00e9 en France par :<br>PULSEHEBERG dont le si\u00e8ge social est situ\u00e9 au 9 BD DE STRASBOURG 83000 TOULON, immatricul\u00e9e au Registre du Commerce et des Soci\u00e9t\u00e9s de Toulon sous le num\u00e9ro 824 070 619, repr\u00e9sent\u00e9e par SERVERD agissant et ayant les pouvoirs n\u00e9cessaires en tant que pr\u00e9sident.<\/p>\n\n\n\n<h2 class=\"wp-block-heading\">Contenu embarqu\u00e9 depuis d\u2019autres sites<\/h2>\n\n\n\n<p>Le site utilise le service de cartographie de Google Maps. En acceptant les cookies de ce service, vous consentez \u00e0 l&rsquo;acceptation de la politique de confidentialit\u00e9 de Google que vous pouvez consulter ici :\u00a0<a href=\"https:\/\/policies.google.com\/privacy?hl=fr\" target=\"_blank\" rel=\"noreferrer noopener\">https:\/\/policies.google.com\/privacy?hl=fr<\/a>.<\/p>\n\n\n\n<p>Le site utilise des biblioth\u00e8ques de d\u00e9veloppement h\u00e9berg\u00e9 par la soci\u00e9t\u00e9 Cloudflare dont la politique de confidentialit\u00e9 est disponible ici : <a href=\"https:\/\/www.cloudflare.com\/fr-fr\/privacypolicy\/\" target=\"_blank\" rel=\"noreferrer noopener nofollow\">https:\/\/www.cloudflare.com\/fr-fr\/privacypolicy\/<\/a>. En naviguant sur ce site vous consentez explicitement \u00e0 la politique de confidentialit\u00e9 de Cloudflare, le site ayant besoin desdites biblioth\u00e8ques de d\u00e9veloppement pour fonctionner correctement.<\/p>\n\n\n\n<h2 class=\"wp-block-heading\">Utilisation et transmission de vos donn\u00e9es personnelles<\/h2>\n\n\n\n<p>Les donn\u00e9es personnelles ne sont utilis\u00e9es que dans le but de r\u00e9pondre \u00e0 la demande d&rsquo;affichage de ce site.<\/p>\n\n\n\n<h2 class=\"wp-block-heading\">Dur\u00e9es de stockage de vos donn\u00e9es<\/h2>\n\n\n\n<p>Les adresses IP sont stock\u00e9es pendant 7 jours pour permettre la d\u00e9tection d&rsquo;attaque informatique.<\/p>\n\n\n\n<p>Les statistiques recueillies par le site ne contiennent pas d&rsquo;informations permettant une identification personnelle de plus nous n&rsquo;effectuons pas de profilage individuel.<\/p>\n\n\n\n<h2 class=\"wp-block-heading\">Les droits que vous avez sur vos donn\u00e9es<\/h2>\n\n\n\n<p>Vous pouvez demander la suppression des donn\u00e9es personnelles vous concernant en envoyant un email sur l&rsquo;adresse de contact affich\u00e9 sur la page d\u2019accueil (<a href=\"https:\/\/cerises2b.fr\/\" target=\"_blank\" rel=\"noreferrer noopener\">https:\/\/cerises2b.fr\/<\/a>).<\/p>\n\n\n\n<p>Cela ne prend pas en compte les donn\u00e9es stock\u00e9es \u00e0 des fins administratives, l\u00e9gales ou pour des raisons de s\u00e9curit\u00e9.<\/p>\n\n\n\n<h2 class=\"wp-block-heading\">O\u00f9 vos donn\u00e9es sont envoy\u00e9es<\/h2>\n\n\n\n<p>En fonction de votre consentement des cookies, des donn\u00e9es peuvent \u00eatre envoy\u00e9es \u00e0 Google pour permettre d&rsquo;afficher la carte \u00ab\u00a0Google Maps\u00a0\u00bb. Pour plus d&rsquo;information merci de consultez la politique de confidentialit\u00e9 de Google :&nbsp;<a href=\"https:\/\/policies.google.com\/privacy?hl=fr\" target=\"_blank\" rel=\"noreferrer noopener\">https:\/\/policies.google.com\/privacy?hl=fr<\/a><\/p>\n\n\n\n<p>Nous ne partageons aucune donn\u00e9e personnelle avec des tiers sauf sur demande des autorit\u00e9s comp\u00e9tentes.<\/p>\n","protected":false},"excerpt":{"rendered":"<p>Qui sommes-nous&nbsp;? L\u2019adresse de notre site est&nbsp;: https:\/\/cerises2b.fr. La soci\u00e9t\u00e9 propri\u00e9taire de ce site est :CERISES 2B dont le si\u00e8ge social est situ\u00e9 au 30 PLACE DE L&rsquo;EGLISE 84210 VENASQUE, immatricul\u00e9es au Registre du Commerce et des Soci\u00e9t\u00e9s d&rsquo;Avignon sous le num\u00e9ro 810 777 433, repr\u00e9sent\u00e9e par M. Patrick BEZERT agissant et ayant les pouvoirs [&hellip;]<\/p>\n","protected":false},"author":1,"featured_media":0,"parent":0,"menu_order":0,"comment_status":"closed","ping_status":"closed","template":"","meta":{"saved_in_kubio":false,"footnotes":""},"class_list":["post-47","page","type-page","status-publish","hentry"],"kubio_ai_page_context":{"short_desc":"","purpose":"general"},"_links":{"self":[{"href":"https:\/\/cerises2b.fr\/index.php?rest_route=\/wp\/v2\/pages\/47","targetHints":{"allow":["GET"]}}],"collection":[{"href":"https:\/\/cerises2b.fr\/index.php?rest_route=\/wp\/v2\/pages"}],"about":[{"href":"https:\/\/cerises2b.fr\/index.php?rest_route=\/wp\/v2\/types\/page"}],"author":[{"embeddable":true,"href":"https:\/\/cerises2b.fr\/index.php?rest_route=\/wp\/v2\/users\/1"}],"replies":[{"embeddable":true,"href":"https:\/\/cerises2b.fr\/index.php?rest_route=%2Fwp%2Fv2%2Fcomments&post=47"}],"version-history":[{"count":5,"href":"https:\/\/cerises2b.fr\/index.php?rest_route=\/wp\/v2\/pages\/47\/revisions"}],"predecessor-version":[{"id":1432,"href":"https:\/\/cerises2b.fr\/index.php?rest_route=\/wp\/v2\/pages\/47\/revisions\/1432"}],"wp:attachment":[{"href":"https:\/\/cerises2b.fr\/index.php?rest_route=%2Fwp%2Fv2%2Fmedia&parent=47"}],"curies":[{"name":"wp","href":"https:\/\/api.w.org\/{rel}","templated":true}]}}